{"id":4711,"date":"2026-02-17T01:06:24","date_gmt":"2026-02-17T01:06:24","guid":{"rendered":"https:\/\/novadecor.ma\/?page_id=4711"},"modified":"2026-02-17T01:06:24","modified_gmt":"2026-02-17T01:06:24","slug":"politique-de-confidentialite","status":"publish","type":"page","link":"https:\/\/novadecor.ma\/ar\/politique-de-confidentialite\/","title":{"rendered":"\u0633\u064a\u0627\u0633\u0629 \u0627\u0644\u062e\u0635\u0648\u0635\u064a\u0629"},"content":{"rendered":"<p><strong>\u00c9diteur du site :<\/strong><br \/>\nLe site web <strong>https:\/\/novadecor.ma<\/strong> est \u00e9dit\u00e9 par la soci\u00e9t\u00e9 <strong>Nova Decor<\/strong>.<br \/>\n<strong>Si\u00e8ge social :<\/strong> , Tanger-Tetouan, Maroc.<\/p>\n<p><strong>Contact :<\/strong> contact@novadecor.ma | +212612183755<\/p>\n<hr \/>\n<h1>Politique de Confidentialit\u00e9 et Protection des Donn\u00e9es<\/h1>\n<p>La soci\u00e9t\u00e9 <strong>Nova Decor<\/strong> accorde une importance majeure \u00e0 la protection de vos donn\u00e9es personnelles, conform\u00e9ment \u00e0 la loi n\u00b0 09-08 relative \u00e0 la protection des personnes physiques \u00e0 l&rsquo;\u00e9gard du traitement des donn\u00e9es \u00e0 caract\u00e8re personnel.<\/p>\n<h2>1. Collecte des informations<\/h2>\n<p>Nous collectons des informations lorsque vous passez commande, vous inscrivez \u00e0 notre newsletter ou remplissez un formulaire. Les informations collect\u00e9es incluent : Nom, Adresse e-mail, Num\u00e9ro de t\u00e9l\u00e9phone, et Adresse de livraison.<\/p>\n<h2>2. Utilisation des informations<\/h2>\n<p>Toutes les informations que nous recueillons aupr\u00e8s de vous peuvent \u00eatre utilis\u00e9es pour :<\/p>\n<ul>\n<li>Traiter vos commandes et organiser la livraison.<\/li>\n<li>Am\u00e9liorer le service client et vos besoins de prise en charge.<\/li>\n<li>Vous contacter par e-mail ou t\u00e9l\u00e9phone concernant votre commande.<\/li>\n<\/ul>\n<h2>3. Divulgation \u00e0 des tiers<\/h2>\n<p>Nous ne vendons, n&rsquo;\u00e9changeons et ne transf\u00e9rons pas vos informations personnelles identifiables \u00e0 des tiers, \u00e0 l&rsquo;exception des tierces parties de confiance qui nous aident \u00e0 exploiter notre site Web ou \u00e0 mener nos affaires (ex: soci\u00e9t\u00e9s de livraison), tant que ces parties conviennent de garder ces informations confidentielles.<\/p>\n<h2>4. Protection des informations<\/h2>\n<p>Nous mettons en \u0153uvre une vari\u00e9t\u00e9 de mesures de s\u00e9curit\u00e9 pour pr\u00e9server la s\u00e9curit\u00e9 de vos informations personnelles. Seuls les employ\u00e9s qui ont besoin d\u2019effectuer un travail sp\u00e9cifique (par exemple, la facturation ou le service client) ont acc\u00e8s aux informations personnelles identifiables.<\/p>\n<h2>5. Vos droits (Loi 09-08)<\/h2>\n<p>Conform\u00e9ment \u00e0 la loi 09-08, vous disposez d\u2019un droit d\u2019acc\u00e8s, de rectification et d\u2019opposition concernant vos donn\u00e9es personnelles. Pour exercer ce droit, veuillez nous contacter \u00e0 : <strong>contact@novadecor.ma<\/strong>.<\/p>","protected":false},"excerpt":{"rendered":"<p>\u00c9diteur du site : Le site web https:\/\/novadecor.ma est \u00e9dit\u00e9 par la soci\u00e9t\u00e9 Nova Decor. Si\u00e8ge social : , Tanger-Tetouan, Maroc. Contact : contact@novadecor.ma |&#8230;<\/p>","protected":false},"author":1,"featured_media":0,"parent":0,"menu_order":0,"comment_status":"closed","ping_status":"closed","template":"","meta":{"_uag_custom_page_level_css":"","footnotes":""},"class_list":["post-4711","page","type-page","status-publish","hentry"],"uagb_featured_image_src":{"full":false,"thumbnail":false,"medium":false,"medium_large":false,"large":false,"1536x1536":false,"2048x2048":false,"trp-custom-language-flag":false,"woocommerce_thumbnail":false,"woocommerce_single":false,"woocommerce_gallery_thumbnail":false,"etheme-woocommerce-nimi":false,"etheme-nimi":false},"uagb_author_info":{"display_name":"admin","author_link":"https:\/\/novadecor.ma\/ar\/author\/admin\/"},"uagb_comment_info":0,"uagb_excerpt":"\u00c9diteur du site : Le site web https:\/\/novadecor.ma est \u00e9dit\u00e9 par la soci\u00e9t\u00e9 Nova Decor. Si\u00e8ge social : , Tanger-Tetouan, Maroc. Contact : contact@novadecor.ma |...","jetpack_sharing_enabled":true,"_links":{"self":[{"href":"https:\/\/novadecor.ma\/ar\/wp-json\/wp\/v2\/pages\/4711","targetHints":{"allow":["GET"]}}],"collection":[{"href":"https:\/\/novadecor.ma\/ar\/wp-json\/wp\/v2\/pages"}],"about":[{"href":"https:\/\/novadecor.ma\/ar\/wp-json\/wp\/v2\/types\/page"}],"author":[{"embeddable":true,"href":"https:\/\/novadecor.ma\/ar\/wp-json\/wp\/v2\/users\/1"}],"replies":[{"embeddable":true,"href":"https:\/\/novadecor.ma\/ar\/wp-json\/wp\/v2\/comments?post=4711"}],"version-history":[{"count":1,"href":"https:\/\/novadecor.ma\/ar\/wp-json\/wp\/v2\/pages\/4711\/revisions"}],"predecessor-version":[{"id":4712,"href":"https:\/\/novadecor.ma\/ar\/wp-json\/wp\/v2\/pages\/4711\/revisions\/4712"}],"wp:attachment":[{"href":"https:\/\/novadecor.ma\/ar\/wp-json\/wp\/v2\/media?parent=4711"}],"curies":[{"name":"wp","href":"https:\/\/api.w.org\/{rel}","templated":true}]}}